{"id":878,"date":"2023-12-29T17:03:17","date_gmt":"2023-12-29T20:03:17","guid":{"rendered":"https:\/\/isfd170-bue.infd.edu.ar\/sitio\/?page_id=878"},"modified":"2023-12-29T17:48:21","modified_gmt":"2023-12-29T20:48:21","slug":"correlatividades-2","status":"publish","type":"page","link":"https:\/\/isfd170-bue.infd.edu.ar\/sitio\/correlatividades-2\/","title":{"rendered":"Correlatividades"},"content":{"rendered":"\n<p>La Direcci\u00f3n de Formaci\u00f3n Docente Inicial pone en conocimiento a la totalidad de las instituciones de Nivel Superior, el contenido sobre la modificaci\u00f3n de los requisitos para cursar unidades curriculares correlativas en los dise\u00f1os curriculares de los Profesorados Educaci\u00f3n Inicial y Educaci\u00f3n Primaria (Resoluci\u00f3n N\u00b0 4154\/07 y su modificatoria N\u00b0 1117\/09) Educaci\u00f3n F\u00edsica (Resoluci\u00f3n N\u00b0 2432\/09) ,de Matem\u00e1tica para la Educaci\u00f3n Secundaria (RESFC &#8211; 2017- 1861-E-GDEBA-DGCYE). <\/p>\n\n\n\n<p>La vigencia de la presente resoluci\u00f3n se establece a partir del ciclo lectivo 2024 para todas las unidades curriculares de los citado profesorados.<\/p>\n\n\n\n<div class=\"wp-block-file\"><object class=\"wp-block-file__embed\" data=\"https:\/\/isfd170-bue.infd.edu.ar\/sitio\/wp-content\/uploads\/2023\/12\/correlatividades-Educacion-Fisica.pdf\" type=\"application\/pdf\" style=\"width:100%;height:600px\" aria-label=\"Incrustado de correlatividades-Educacion-Fisica.\"><\/object><a id=\"wp-block-file--media-68a88f65-5b67-4439-9761-d4d083e38022\" href=\"https:\/\/isfd170-bue.infd.edu.ar\/sitio\/wp-content\/uploads\/2023\/12\/correlatividades-Educacion-Fisica.pdf\">correlatividades-Educacion-Fisica<\/a><a href=\"https:\/\/isfd170-bue.infd.edu.ar\/sitio\/wp-content\/uploads\/2023\/12\/correlatividades-Educacion-Fisica.pdf\" class=\"wp-block-file__button wp-element-button\" download aria-describedby=\"wp-block-file--media-68a88f65-5b67-4439-9761-d4d083e38022\">Descarga<\/a><\/div>\n","protected":false},"excerpt":{"rendered":"<p>La Direcci\u00f3n de Formaci\u00f3n Docente Inicial pone en conocimiento a la totalidad de las instituciones de Nivel Superior, el contenido sobre la modificaci\u00f3n de los requisitos para cursar unidades curriculares correlativas en los dise\u00f1os curriculares de los Profesorados Educaci\u00f3n Inicial y Educaci\u00f3n Primaria (Resoluci\u00f3n N\u00b0 4154\/07 y su modificatoria N\u00b0 1117\/09) Educaci\u00f3n F\u00edsica (Resoluci\u00f3n N\u00b0 &#8230; <a title=\"Correlatividades\" class=\"read-more\" href=\"https:\/\/isfd170-bue.infd.edu.ar\/sitio\/correlatividades-2\/\" aria-label=\"More on Correlatividades\">[+]<\/a><\/p>\n","protected":false},"author":28,"featured_media":0,"parent":0,"menu_order":0,"comment_status":"closed","ping_status":"closed","template":"","meta":[],"acf":[],"_links":{"self":[{"href":"https:\/\/isfd170-bue.infd.edu.ar\/sitio\/wp-json\/wp\/v2\/pages\/878"}],"collection":[{"href":"https:\/\/isfd170-bue.infd.edu.ar\/sitio\/wp-json\/wp\/v2\/pages"}],"about":[{"href":"https:\/\/isfd170-bue.infd.edu.ar\/sitio\/wp-json\/wp\/v2\/types\/page"}],"author":[{"embeddable":true,"href":"https:\/\/isfd170-bue.infd.edu.ar\/sitio\/wp-json\/wp\/v2\/users\/28"}],"replies":[{"embeddable":true,"href":"https:\/\/isfd170-bue.infd.edu.ar\/sitio\/wp-json\/wp\/v2\/comments?post=878"}],"version-history":[{"count":2,"href":"https:\/\/isfd170-bue.infd.edu.ar\/sitio\/wp-json\/wp\/v2\/pages\/878\/revisions"}],"predecessor-version":[{"id":916,"href":"https:\/\/isfd170-bue.infd.edu.ar\/sitio\/wp-json\/wp\/v2\/pages\/878\/revisions\/916"}],"wp:attachment":[{"href":"https:\/\/isfd170-bue.infd.edu.ar\/sitio\/wp-json\/wp\/v2\/media?parent=878"}],"curies":[{"name":"wp","href":"https:\/\/api.w.org\/{rel}","templated":true}]}}