{"id":875,"date":"2023-12-29T16:59:32","date_gmt":"2023-12-29T19:59:32","guid":{"rendered":"https:\/\/isfd170-bue.infd.edu.ar\/sitio\/?page_id=875"},"modified":"2023-12-29T17:47:36","modified_gmt":"2023-12-29T20:47:36","slug":"correlatividades","status":"publish","type":"page","link":"https:\/\/isfd170-bue.infd.edu.ar\/sitio\/correlatividades\/","title":{"rendered":"Correlatividades"},"content":{"rendered":"\n<p>La Direcci\u00f3n de Formaci\u00f3n Docente Inicial pone en conocimiento a la totalidad de las instituciones de Nivel Superior, el contenido sobre la modificaci\u00f3n de los requisitos para cursar unidades curriculares correlativas en los dise\u00f1os curriculares de los Profesorados Educaci\u00f3n Inicial y Educaci\u00f3n Primaria (Resoluci\u00f3n N\u00b0 4154\/07 y su modificatoria N\u00b0 1117\/09) Educaci\u00f3n F\u00edsica (Resoluci\u00f3n N\u00b0 2432\/09) ,de Matem\u00e1tica para la Educaci\u00f3n Secundaria (RESFC &#8211; 2017- 1861-E-GDEBA-DGCYE). <\/p>\n\n\n\n<p>La vigencia de la presente resoluci\u00f3n se establece a partir del ciclo lectivo 2024 para todas las unidades curriculares de los citado profesorados.<\/p>\n\n\n\n<div class=\"wp-block-file\"><object class=\"wp-block-file__embed\" data=\"https:\/\/isfd170-bue.infd.edu.ar\/sitio\/wp-content\/uploads\/2023\/12\/Correaltividades-de-nivel-primario.pdf\" type=\"application\/pdf\" style=\"width:100%;height:600px\" aria-label=\"Incrustado de Correaltividades de nivel primario.\"><\/object><a id=\"wp-block-file--media-70f7529f-f7a3-4ad7-a225-cb76b2efe58f\" href=\"https:\/\/isfd170-bue.infd.edu.ar\/sitio\/wp-content\/uploads\/2023\/12\/Correaltividades-de-nivel-primario.pdf\">Correaltividades de nivel primario<\/a><a href=\"https:\/\/isfd170-bue.infd.edu.ar\/sitio\/wp-content\/uploads\/2023\/12\/Correaltividades-de-nivel-primario.pdf\" class=\"wp-block-file__button wp-element-button\" download aria-describedby=\"wp-block-file--media-70f7529f-f7a3-4ad7-a225-cb76b2efe58f\">Descarga<\/a><\/div>\n\n\n\n<p><\/p>\n","protected":false},"excerpt":{"rendered":"<p>La Direcci\u00f3n de Formaci\u00f3n Docente Inicial pone en conocimiento a la totalidad de las instituciones de Nivel Superior, el contenido sobre la modificaci\u00f3n de los requisitos para cursar unidades curriculares correlativas en los dise\u00f1os curriculares de los Profesorados Educaci\u00f3n Inicial y Educaci\u00f3n Primaria (Resoluci\u00f3n N\u00b0 4154\/07 y su modificatoria N\u00b0 1117\/09) Educaci\u00f3n F\u00edsica (Resoluci\u00f3n N\u00b0 &#8230; <a title=\"Correlatividades\" class=\"read-more\" href=\"https:\/\/isfd170-bue.infd.edu.ar\/sitio\/correlatividades\/\" aria-label=\"More on Correlatividades\">[+]<\/a><\/p>\n","protected":false},"author":28,"featured_media":0,"parent":0,"menu_order":0,"comment_status":"closed","ping_status":"closed","template":"","meta":[],"acf":[],"_links":{"self":[{"href":"https:\/\/isfd170-bue.infd.edu.ar\/sitio\/wp-json\/wp\/v2\/pages\/875"}],"collection":[{"href":"https:\/\/isfd170-bue.infd.edu.ar\/sitio\/wp-json\/wp\/v2\/pages"}],"about":[{"href":"https:\/\/isfd170-bue.infd.edu.ar\/sitio\/wp-json\/wp\/v2\/types\/page"}],"author":[{"embeddable":true,"href":"https:\/\/isfd170-bue.infd.edu.ar\/sitio\/wp-json\/wp\/v2\/users\/28"}],"replies":[{"embeddable":true,"href":"https:\/\/isfd170-bue.infd.edu.ar\/sitio\/wp-json\/wp\/v2\/comments?post=875"}],"version-history":[{"count":2,"href":"https:\/\/isfd170-bue.infd.edu.ar\/sitio\/wp-json\/wp\/v2\/pages\/875\/revisions"}],"predecessor-version":[{"id":915,"href":"https:\/\/isfd170-bue.infd.edu.ar\/sitio\/wp-json\/wp\/v2\/pages\/875\/revisions\/915"}],"wp:attachment":[{"href":"https:\/\/isfd170-bue.infd.edu.ar\/sitio\/wp-json\/wp\/v2\/media?parent=875"}],"curies":[{"name":"wp","href":"https:\/\/api.w.org\/{rel}","templated":true}]}}