{"id":836,"date":"2023-12-14T15:43:19","date_gmt":"2023-12-14T18:43:19","guid":{"rendered":"https:\/\/isfd170-bue.infd.edu.ar\/sitio\/?page_id=836"},"modified":"2023-12-14T15:47:49","modified_gmt":"2023-12-14T18:47:49","slug":"profesorado-de-educacion-primaria","status":"publish","type":"page","link":"https:\/\/isfd170-bue.infd.edu.ar\/sitio\/profesorado-de-educacion-primaria\/","title":{"rendered":"Profesorado de Educaci\u00f3n Primaria"},"content":{"rendered":"\n<p class=\"has-text-align-left\">El&nbsp;Dise\u00f1o Curricular de la Formaci\u00f3n Docente de Nivel Inicial y Nivel Primario ha sido construido sobre la base de un proceso participativo desarrollado durante el per\u00edodo 2006 \u2013 2007. Ese proceso se inici\u00f3 con la voluntad pol\u00edtica de la Direcci\u00f3n General de Cultura y Educaci\u00f3n de la Provincia de Buenos Aires, m\u00e1s el impulso concreto dado por la Direcci\u00f3n de Educaci\u00f3n Superior (DES). Como marco pol\u00edtico y conceptual de todo el proceso, se produjo un documento base titulado Redefinici\u00f3n de la Formaci\u00f3n Docente de Inicial y EGB. Documento de discusi\u00f3n, que tuvo en cuenta estudios y experiencias precedentes acerca del tema.<\/p>\n\n\n\n<p class=\"has-text-align-left\">El dise\u00f1o y desarrollo del curr\u00edculo constituye una pr\u00e1ctica pedag\u00f3gica y por ello social en la que se dirimen posiciones acerca de los sujetos, las culturas y la sociedad, articulando idealidad y realidad social en tanto representaci\u00f3n y concreci\u00f3n de un proyecto educativo.<\/p>\n\n\n\n<p><a href=\"http:\/\/servicios.abc.gov.ar\/lainstitucion\/organismos\/consejogeneral\/disenioscurriculares\/documentosdescarga\/dcurricularsuperior.pdf\" data-type=\"URL\" data-id=\"http:\/\/servicios.abc.gov.ar\/lainstitucion\/organismos\/consejogeneral\/disenioscurriculares\/documentosdescarga\/dcurricularsuperior.pdf\" target=\"_blank\" rel=\"noreferrer noopener\">Acced\u00e9 al dise\u00f1o curricular del Profesorado de Educ. Primaria<\/a><\/p>\n","protected":false},"excerpt":{"rendered":"<p>El&nbsp;Dise\u00f1o Curricular de la Formaci\u00f3n Docente de Nivel Inicial y Nivel Primario ha sido construido sobre la base de un proceso participativo desarrollado durante el per\u00edodo 2006 \u2013 2007. Ese proceso se inici\u00f3 con la voluntad pol\u00edtica de la Direcci\u00f3n General de Cultura y Educaci\u00f3n de la Provincia de Buenos Aires, m\u00e1s el impulso concreto &#8230; <a title=\"Profesorado de Educaci\u00f3n Primaria\" class=\"read-more\" href=\"https:\/\/isfd170-bue.infd.edu.ar\/sitio\/profesorado-de-educacion-primaria\/\" aria-label=\"More on Profesorado de Educaci\u00f3n Primaria\">[+]<\/a><\/p>\n","protected":false},"author":28,"featured_media":0,"parent":0,"menu_order":0,"comment_status":"closed","ping_status":"closed","template":"","meta":[],"acf":[],"_links":{"self":[{"href":"https:\/\/isfd170-bue.infd.edu.ar\/sitio\/wp-json\/wp\/v2\/pages\/836"}],"collection":[{"href":"https:\/\/isfd170-bue.infd.edu.ar\/sitio\/wp-json\/wp\/v2\/pages"}],"about":[{"href":"https:\/\/isfd170-bue.infd.edu.ar\/sitio\/wp-json\/wp\/v2\/types\/page"}],"author":[{"embeddable":true,"href":"https:\/\/isfd170-bue.infd.edu.ar\/sitio\/wp-json\/wp\/v2\/users\/28"}],"replies":[{"embeddable":true,"href":"https:\/\/isfd170-bue.infd.edu.ar\/sitio\/wp-json\/wp\/v2\/comments?post=836"}],"version-history":[{"count":2,"href":"https:\/\/isfd170-bue.infd.edu.ar\/sitio\/wp-json\/wp\/v2\/pages\/836\/revisions"}],"predecessor-version":[{"id":840,"href":"https:\/\/isfd170-bue.infd.edu.ar\/sitio\/wp-json\/wp\/v2\/pages\/836\/revisions\/840"}],"wp:attachment":[{"href":"https:\/\/isfd170-bue.infd.edu.ar\/sitio\/wp-json\/wp\/v2\/media?parent=836"}],"curies":[{"name":"wp","href":"https:\/\/api.w.org\/{rel}","templated":true}]}}