{"id":286,"date":"2016-10-31T13:17:59","date_gmt":"2016-10-31T16:17:59","guid":{"rendered":"https:\/\/isfd170-bue.infd.edu.ar\/sitio\/?page_id=286"},"modified":"2024-03-13T09:45:18","modified_gmt":"2024-03-13T12:45:18","slug":"inicio","status":"publish","type":"page","link":"https:\/\/isfd170-bue.infd.edu.ar\/sitio\/","title":{"rendered":"Inicio"},"content":{"rendered":"<p style=\"text-align: center;\"><span style=\"font-size: 14pt; color: #3e748e; font-family: impact,chicago;\"><img decoding=\"async\" loading=\"lazy\" class=\" aligncenter\" src=\"https:\/\/abc.gob.ar\/core\/themes\/abc\/logo-pba.svg\" width=\"548\" height=\"117\" \/><\/span><\/p>\n<p style=\"text-align: center;\"><span style=\"font-size: 14pt; color: #3e748e; font-family: impact,chicago;\">Instituto Superior de Formaci\u00f3n Docente N\u00ba 170<\/span><\/p>\n<p>&nbsp;<\/p>\n<p style=\"text-align: center;\"><span style=\"font-size: 10pt; color: #000000; font-family: Verdana;\">E<\/span><span style=\"font-size: 10pt; color: #000000; font-family: Verdana;\">ste Instituto Superior de Formaci\u00f3n Docente forma parte del sistema de educaci\u00f3n p\u00fablica de gesti\u00f3n estatal.<\/span><\/p>\n<p style=\"text-align: center;\"><span style=\"font-size: 10pt; color: #000000; font-family: Verdana;\">A trav\u00e9s de este sitio nuestro Instituto podr\u00e1 comunicar novedades, acercar informaci\u00f3n, compartir experiencias y brindar apoyo y asesoramiento a alumnos, docentes e interesados en formar parte de esta comunidad educativa.<\/span><\/p>\n<h1 style=\"text-align: center;\"><img decoding=\"async\" loading=\"lazy\" class=\"wp-image-871 aligncenter\" src=\"https:\/\/isfd170-bue.infd.edu.ar\/sitio\/wp-content\/uploads\/2023\/12\/292177643_526857075902376_6145420139836602976_n-1.jpg\" alt=\"\" width=\"722\" height=\"722\" srcset=\"https:\/\/isfd170-bue.infd.edu.ar\/sitio\/wp-content\/uploads\/2023\/12\/292177643_526857075902376_6145420139836602976_n-1.jpg 959w, https:\/\/isfd170-bue.infd.edu.ar\/sitio\/wp-content\/uploads\/2023\/12\/292177643_526857075902376_6145420139836602976_n-1-500x500.jpg 500w, https:\/\/isfd170-bue.infd.edu.ar\/sitio\/wp-content\/uploads\/2023\/12\/292177643_526857075902376_6145420139836602976_n-1-768x768.jpg 768w\" sizes=\"(max-width: 722px) 100vw, 722px\" \/><\/h1>\n<p>&nbsp;<\/p>\n","protected":false},"excerpt":{"rendered":"<p>Instituto Superior de Formaci\u00f3n Docente N\u00ba 170 &nbsp; Este Instituto Superior de Formaci\u00f3n Docente forma parte del sistema de educaci\u00f3n p\u00fablica de gesti\u00f3n estatal. A trav\u00e9s de este sitio nuestro Instituto podr\u00e1 comunicar novedades, acercar informaci\u00f3n, compartir experiencias y brindar apoyo y asesoramiento a alumnos, docentes e interesados en formar parte de esta comunidad educativa. &#8230; <a title=\"Inicio\" class=\"read-more\" href=\"https:\/\/isfd170-bue.infd.edu.ar\/sitio\/\" aria-label=\"More on Inicio\">[+]<\/a><\/p>\n","protected":false},"author":1,"featured_media":0,"parent":0,"menu_order":0,"comment_status":"closed","ping_status":"closed","template":"","meta":[],"acf":[],"_links":{"self":[{"href":"https:\/\/isfd170-bue.infd.edu.ar\/sitio\/wp-json\/wp\/v2\/pages\/286"}],"collection":[{"href":"https:\/\/isfd170-bue.infd.edu.ar\/sitio\/wp-json\/wp\/v2\/pages"}],"about":[{"href":"https:\/\/isfd170-bue.infd.edu.ar\/sitio\/wp-json\/wp\/v2\/types\/page"}],"author":[{"embeddable":true,"href":"https:\/\/isfd170-bue.infd.edu.ar\/sitio\/wp-json\/wp\/v2\/users\/1"}],"replies":[{"embeddable":true,"href":"https:\/\/isfd170-bue.infd.edu.ar\/sitio\/wp-json\/wp\/v2\/comments?post=286"}],"version-history":[{"count":86,"href":"https:\/\/isfd170-bue.infd.edu.ar\/sitio\/wp-json\/wp\/v2\/pages\/286\/revisions"}],"predecessor-version":[{"id":946,"href":"https:\/\/isfd170-bue.infd.edu.ar\/sitio\/wp-json\/wp\/v2\/pages\/286\/revisions\/946"}],"wp:attachment":[{"href":"https:\/\/isfd170-bue.infd.edu.ar\/sitio\/wp-json\/wp\/v2\/media?parent=286"}],"curies":[{"name":"wp","href":"https:\/\/api.w.org\/{rel}","templated":true}]}}